{"id":394,"date":"2023-08-22T16:09:10","date_gmt":"2023-08-22T14:09:10","guid":{"rendered":"https:\/\/penedesdata.com\/accesibilidad\/"},"modified":"2023-08-23T08:59:41","modified_gmt":"2023-08-23T06:59:41","slug":"accesibilidad","status":"publish","type":"page","link":"https:\/\/penedesdata.com\/es\/accesibilidad\/","title":{"rendered":"Accesibilidad"},"content":{"rendered":"<p>[et_pb_section fb_built=\u00bb1&#8243; theme_builder_area=\u00bbpost_content\u00bb _builder_version=\u00bb4.22.1&#8243; _module_preset=\u00bbdefault\u00bb][et_pb_row _builder_version=\u00bb4.22.1&#8243; _module_preset=\u00bbdefault\u00bb theme_builder_area=\u00bbpost_content\u00bb][et_pb_column _builder_version=\u00bb4.22.1&#8243; _module_preset=\u00bbdefault\u00bb type=\u00bb4_4&#8243; theme_builder_area=\u00bbpost_content\u00bb][et_pb_text _builder_version=\u00bb4.22.1&#8243; _module_preset=\u00bbdefault\u00bb theme_builder_area=\u00bbpost_content\u00bb hover_enabled=\u00bb0&#8243; sticky_enabled=\u00bb0&#8243;]<\/p>\n<h1>Accesibilidad<\/h1>\n<p>Pened\u00e8s Data se compromete a que el sitio web penedesdata.com sea accesible para todos los usuarios, incluyendo personas con discapacidades. Estamos comprometidos a garantizar que nuestro sitio web cumpla con las pautas de accesibilidad web de nivel AA de la WCAG 2.1.<\/p>\n<h2>Situaci\u00f3n de cumplimiento<\/h2>\n<p>Las Pautas de Accesibilidad para el Contenido Web (WCAG) definen los requisitos para dise\u00f1adores y desarrolladores para mejorar la accesibilidad para personas con discapacidad. Se definen tres niveles de conformidad: Nivel A, Nivel AA y Nivel AAA. penedesdata.com cumple parcialmente con WCAG 2.1 Nivel AA. Parcialmente conforme significa que algunas partes del contenido no cumplen completamente con el est\u00e1ndar de accesibilidad.<\/p>\n<h2>Contenido no accesible<\/h2>\n<p>Podr\u00edan existir documentos ofim\u00e1ticos en PDF y otros formatos que no cumplan totalmente los requisitos de accesibilidad. Pueden solicitarse los documentos completamente accesibles desde el formulario de contacto.<\/p>\n<p>Podr\u00edan existir errores de c\u00f3digo puntuales de edici\u00f3n en alguna p\u00e1gina web.<\/p>\n<h2>Feedback<\/h2>\n<p>Estamos comprometidos a seguir mejorando la accesibilidad de nuestro sitio web para garantizar que sea accesible a todos. Si tienes alguna pregunta o sugerencia, por favor cont\u00e1ctanos.<\/p>\n<p>Firma: Pened\u00e8s Data, S.L.<br \/>\nFecha: 23 de agosto de 2023[\/et_pb_text][\/et_pb_column][\/et_pb_row][\/et_pb_section]<\/p>\n","protected":false},"excerpt":{"rendered":"<p>Accesibilidad Pened\u00e8s Data se compromete a que el sitio web penedesdata.com sea accesible para todos los usuarios, incluyendo personas con discapacidades. Estamos comprometidos a garantizar que nuestro sitio web cumpla con las pautas de accesibilidad web de nivel AA de la WCAG 2.1. Situaci\u00f3n de cumplimiento Las Pautas de Accesibilidad para el Contenido Web (WCAG) [&hellip;]<\/p>\n","protected":false},"author":2,"featured_media":0,"parent":0,"menu_order":0,"comment_status":"closed","ping_status":"closed","template":"","meta":{"_et_pb_use_builder":"on","_et_pb_old_content":"","_et_gb_content_width":""},"_links":{"self":[{"href":"https:\/\/penedesdata.com\/es\/wp-json\/wp\/v2\/pages\/394"}],"collection":[{"href":"https:\/\/penedesdata.com\/es\/wp-json\/wp\/v2\/pages"}],"about":[{"href":"https:\/\/penedesdata.com\/es\/wp-json\/wp\/v2\/types\/page"}],"author":[{"embeddable":true,"href":"https:\/\/penedesdata.com\/es\/wp-json\/wp\/v2\/users\/2"}],"replies":[{"embeddable":true,"href":"https:\/\/penedesdata.com\/es\/wp-json\/wp\/v2\/comments?post=394"}],"version-history":[{"count":2,"href":"https:\/\/penedesdata.com\/es\/wp-json\/wp\/v2\/pages\/394\/revisions"}],"predecessor-version":[{"id":396,"href":"https:\/\/penedesdata.com\/es\/wp-json\/wp\/v2\/pages\/394\/revisions\/396"}],"wp:attachment":[{"href":"https:\/\/penedesdata.com\/es\/wp-json\/wp\/v2\/media?parent=394"}],"curies":[{"name":"wp","href":"https:\/\/api.w.org\/{rel}","templated":true}]}}