{"id":374,"date":"2023-08-22T13:43:18","date_gmt":"2023-08-22T11:43:18","guid":{"rendered":"https:\/\/penedesdata.com\/soporte-tecnico\/"},"modified":"2023-09-18T18:05:25","modified_gmt":"2023-09-18T16:05:25","slug":"soporte-tecnico","status":"publish","type":"page","link":"https:\/\/penedesdata.com\/es\/soporte-tecnico\/","title":{"rendered":"Soporte t\u00e9cnico"},"content":{"rendered":"<p>[et_pb_section fb_built=\u00bb1&#8243; _builder_version=\u00bb4.22.1&#8243; _module_preset=\u00bbdefault\u00bb background_color=\u00bb#DCE3EF\u00bb background_image=\u00bbhttps:\/\/penedesdata.com\/wp-content\/uploads\/2023\/08\/cyber-security-18.png\u00bb background_position=\u00bbcenter_left\u00bb background_blend=\u00bbmultiply\u00bb min_height=\u00bb75vh\u00bb custom_css_main_element=\u00bbdisplay:flex;\u00bb global_colors_info=\u00bb{}\u00bb][et_pb_row make_equal=\u00bbon\u00bb _builder_version=\u00bb4.22.1&#8243; global_colors_info=\u00bb{}\u00bb][et_pb_column type=\u00bb4_4&#8243; _builder_version=\u00bb4.16&#8243; global_colors_info=\u00bb{}\u00bb][et_pb_cta title=\u00bbSoporte t\u00e9cnico inform\u00e1tico\u00bb button_url=\u00bbhttps:\/\/anydesk.com\/es\/downloads\/windows?dv=win_exe\u00bb button_text=\u00bbDescarga AnyDesk\u00bb _builder_version=\u00bb4.22.1&#8243; _module_preset=\u00bbdefault\u00bb header_level=\u00bbh1&#8243; hover_enabled=\u00bb0&#8243; global_colors_info=\u00bb{}\u00bb sticky_enabled=\u00bb0&#8243;]<\/p>\n<p>Sabemos que la tecnolog\u00eda es compleja y que algunos de los servicios inform\u00e1ticos que ofrecemos necesitan revisiones y actualizaciones. Por eso, en Pened\u00e8s Data tenemos disponible un servicio de soporte t\u00e9cnico para todos nuestros productos y servicios para convertir tus problemas en soluciones.<\/p>\n<p>[\/et_pb_cta][\/et_pb_column][\/et_pb_row][\/et_pb_section][et_pb_section fb_built=\u00bb1&#8243; _builder_version=\u00bb4.22.1&#8243; _module_preset=\u00bbdefault\u00bb background_color=\u00bb#203063&#8243; top_divider_style=\u00bbwave2&#8243; top_divider_color=\u00bb#DCE3EF\u00bb global_colors_info=\u00bb{}\u00bb][\/et_pb_section]<\/p>\n","protected":false},"excerpt":{"rendered":"<p>Sabemos que la tecnolog\u00eda es compleja y que algunos de los servicios inform\u00e1ticos que ofrecemos necesitan revisiones y actualizaciones. Por eso, en Pened\u00e8s Data tenemos disponible un servicio de soporte t\u00e9cnico para todos nuestros productos y servicios para convertir tus problemas en soluciones.<\/p>\n","protected":false},"author":2,"featured_media":0,"parent":0,"menu_order":0,"comment_status":"closed","ping_status":"closed","template":"","meta":{"_et_pb_use_builder":"on","_et_pb_old_content":"","_et_gb_content_width":""},"_links":{"self":[{"href":"https:\/\/penedesdata.com\/es\/wp-json\/wp\/v2\/pages\/374"}],"collection":[{"href":"https:\/\/penedesdata.com\/es\/wp-json\/wp\/v2\/pages"}],"about":[{"href":"https:\/\/penedesdata.com\/es\/wp-json\/wp\/v2\/types\/page"}],"author":[{"embeddable":true,"href":"https:\/\/penedesdata.com\/es\/wp-json\/wp\/v2\/users\/2"}],"replies":[{"embeddable":true,"href":"https:\/\/penedesdata.com\/es\/wp-json\/wp\/v2\/comments?post=374"}],"version-history":[{"count":10,"href":"https:\/\/penedesdata.com\/es\/wp-json\/wp\/v2\/pages\/374\/revisions"}],"predecessor-version":[{"id":482,"href":"https:\/\/penedesdata.com\/es\/wp-json\/wp\/v2\/pages\/374\/revisions\/482"}],"wp:attachment":[{"href":"https:\/\/penedesdata.com\/es\/wp-json\/wp\/v2\/media?parent=374"}],"curies":[{"name":"wp","href":"https:\/\/api.w.org\/{rel}","templated":true}]}}